{"id":312,"date":"2021-06-21T18:05:33","date_gmt":"2021-06-21T16:05:33","guid":{"rendered":"http:\/\/unbringraphik.fr\/?page_id=312"},"modified":"2025-10-30T10:31:49","modified_gmt":"2025-10-30T09:31:49","slug":"les-travaux-graphiques-pour-les-particuliers","status":"publish","type":"page","link":"https:\/\/unbringraphik.fr\/index.php\/les-travaux-graphiques-pour-les-particuliers\/","title":{"rendered":"Du c\u00f4t\u00e9 des particuliers&#8230;"},"content":{"rendered":"\n<p><strong>Faire-parts de mariage et de naissance, remerciements, menus, plans de table, poster photos, d\u00e9coration\u2026 Un Brin Graphik se charge de concevoir la papeterie de vos \u00e9v\u00e9nements priv\u00e9s : mariage, naissance, anniversaires, invitation f\u00eate de famille&#8230; <\/strong><br>Mais aussi mise en page de vos rapports, cr\u00e9ation de photomontage ou vid\u00e9o montage, n&#8217;h\u00e9sitez pas \u00e0 faire votre demande, nous aurons forc\u00e9ment une r\u00e9ponse \u00e0 vous apporter ! <br><\/p>\n\n\n\n<div class=\"wp-block-columns is-layout-flex wp-container-core-columns-is-layout-1 wp-block-columns-is-layout-flex\">\n<div class=\"wp-block-column is-layout-flow wp-block-column-is-layout-flow\"><\/div>\n<\/div>\n\n\n\n<h4 class=\"wp-block-heading has-pale-pink-color has-text-color\">Mariage &amp; naissance<\/h4>\n\n\n\n<p>Vous avez deux possibilit\u00e9s pour vous lancer dans la cr\u00e9ation de votre document en choisissant soit : <\/p>\n\n\n\n<p class=\"has-black-color has-white-background-color has-text-color has-background\">\u2022 <strong>la personnalisation d&#8217;un faire-part de la Collection<\/strong> existante (ci-dessous). La Collection personnalisable compl\u00e8te est envoy\u00e9e en PDF sur simple demande)<\/p>\n\n\n\n<div style=\"height:19px\" aria-hidden=\"true\" class=\"wp-block-spacer\"><\/div>\n\n\n\n<figure class=\"wp-block-image size-large\"><img loading=\"lazy\" decoding=\"async\" width=\"1024\" height=\"597\" src=\"http:\/\/unbringraphik.fr\/wp-content\/uploads\/2021\/06\/new-FPN-1024x597.jpg\" alt=\"\" class=\"wp-image-335\" srcset=\"https:\/\/unbringraphik.fr\/wp-content\/uploads\/2021\/06\/new-FPN-1024x597.jpg 1024w, https:\/\/unbringraphik.fr\/wp-content\/uploads\/2021\/06\/new-FPN-300x175.jpg 300w, https:\/\/unbringraphik.fr\/wp-content\/uploads\/2021\/06\/new-FPN-768x448.jpg 768w, https:\/\/unbringraphik.fr\/wp-content\/uploads\/2021\/06\/new-FPN-103x60.jpg 103w, https:\/\/unbringraphik.fr\/wp-content\/uploads\/2021\/06\/new-FPN.jpg 1400w\" sizes=\"(max-width: 1024px) 100vw, 1024px\" \/><\/figure>\n\n\n\n<div style=\"height:36px\" aria-hidden=\"true\" class=\"wp-block-spacer\"><\/div>\n\n\n\n<div class=\"wp-block-columns is-layout-flex wp-container-core-columns-is-layout-2 wp-block-columns-is-layout-flex\">\n<div class=\"wp-block-column is-layout-flow wp-block-column-is-layout-flow\">\n<figure class=\"wp-block-image size-large\"><img loading=\"lazy\" decoding=\"async\" width=\"850\" height=\"708\" src=\"http:\/\/unbringraphik.fr\/wp-content\/uploads\/2021\/06\/Collection-FP-N-7.jpg\" alt=\"\" class=\"wp-image-320\" srcset=\"https:\/\/unbringraphik.fr\/wp-content\/uploads\/2021\/06\/Collection-FP-N-7.jpg 850w, https:\/\/unbringraphik.fr\/wp-content\/uploads\/2021\/06\/Collection-FP-N-7-300x250.jpg 300w, https:\/\/unbringraphik.fr\/wp-content\/uploads\/2021\/06\/Collection-FP-N-7-768x640.jpg 768w, https:\/\/unbringraphik.fr\/wp-content\/uploads\/2021\/06\/Collection-FP-N-7-72x60.jpg 72w\" sizes=\"(max-width: 850px) 100vw, 850px\" \/><\/figure>\n<\/div>\n\n\n\n<div class=\"wp-block-column is-layout-flow wp-block-column-is-layout-flow\">\n<figure class=\"wp-block-image size-large\"><img loading=\"lazy\" decoding=\"async\" width=\"850\" height=\"708\" src=\"http:\/\/unbringraphik.fr\/wp-content\/uploads\/2021\/06\/Collection-FP-N-1-1.jpg\" alt=\"\" class=\"wp-image-323\" srcset=\"https:\/\/unbringraphik.fr\/wp-content\/uploads\/2021\/06\/Collection-FP-N-1-1.jpg 850w, https:\/\/unbringraphik.fr\/wp-content\/uploads\/2021\/06\/Collection-FP-N-1-1-300x250.jpg 300w, https:\/\/unbringraphik.fr\/wp-content\/uploads\/2021\/06\/Collection-FP-N-1-1-768x640.jpg 768w, https:\/\/unbringraphik.fr\/wp-content\/uploads\/2021\/06\/Collection-FP-N-1-1-72x60.jpg 72w\" sizes=\"(max-width: 850px) 100vw, 850px\" \/><\/figure>\n<\/div>\n<\/div>\n\n\n\n<div style=\"height:49px\" aria-hidden=\"true\" class=\"wp-block-spacer\"><\/div>\n\n\n\n<p class=\"has-black-color has-white-background-color has-text-color has-background\">\u2022 <strong>la cr\u00e9ation de faire-parts sur-mesure<\/strong><br>Vous souhaitez un faire-part unique, une cr\u00e9ation originale, c&#8217;est possible ! De la d\u00e9coupe laser \u00e0 la dorure \u00e0 chaud, diff\u00e9rentes techniques d&#8217;impression pourront vous apporter l&#8217;originalit\u00e9 que vous attendez pour ces moments uniques.<\/p>\n\n\n\n<figure class=\"wp-block-image size-large\"><img loading=\"lazy\" decoding=\"async\" width=\"1024\" height=\"826\" src=\"http:\/\/unbringraphik.fr\/wp-content\/uploads\/2021\/06\/Mariage-Lucie-1024x826.jpg\" alt=\"\" class=\"wp-image-336\" srcset=\"https:\/\/unbringraphik.fr\/wp-content\/uploads\/2021\/06\/Mariage-Lucie-1024x826.jpg 1024w, https:\/\/unbringraphik.fr\/wp-content\/uploads\/2021\/06\/Mariage-Lucie-300x242.jpg 300w, https:\/\/unbringraphik.fr\/wp-content\/uploads\/2021\/06\/Mariage-Lucie-768x619.jpg 768w, https:\/\/unbringraphik.fr\/wp-content\/uploads\/2021\/06\/Mariage-Lucie-74x60.jpg 74w, https:\/\/unbringraphik.fr\/wp-content\/uploads\/2021\/06\/Mariage-Lucie.jpg 1400w\" sizes=\"(max-width: 1024px) 100vw, 1024px\" \/><figcaption class=\"wp-element-caption\">Sur le th\u00e8me du voyage<\/figcaption><\/figure>\n\n\n\n<div style=\"height:59px\" aria-hidden=\"true\" class=\"wp-block-spacer\"><\/div>\n\n\n\n<div class=\"wp-block-buttons is-layout-flex wp-block-buttons-is-layout-flex\"><\/div>\n\n\n\n<div class=\"wp-block-columns is-layout-flex wp-container-core-columns-is-layout-3 wp-block-columns-is-layout-flex\">\n<div class=\"wp-block-column is-layout-flow wp-block-column-is-layout-flow\">\n<figure class=\"wp-block-image size-large\"><img loading=\"lazy\" decoding=\"async\" width=\"981\" height=\"995\" src=\"http:\/\/unbringraphik.fr\/wp-content\/uploads\/2021\/06\/insta-fpm-1080px-copie.jpg\" alt=\"\" class=\"wp-image-334\" srcset=\"https:\/\/unbringraphik.fr\/wp-content\/uploads\/2021\/06\/insta-fpm-1080px-copie.jpg 981w, https:\/\/unbringraphik.fr\/wp-content\/uploads\/2021\/06\/insta-fpm-1080px-copie-296x300.jpg 296w, https:\/\/unbringraphik.fr\/wp-content\/uploads\/2021\/06\/insta-fpm-1080px-copie-768x779.jpg 768w, https:\/\/unbringraphik.fr\/wp-content\/uploads\/2021\/06\/insta-fpm-1080px-copie-59x60.jpg 59w\" sizes=\"(max-width: 981px) 100vw, 981px\" \/><\/figure>\n<\/div>\n\n\n\n<div class=\"wp-block-column is-layout-flow wp-block-column-is-layout-flow\">\n<figure class=\"wp-block-image size-large\"><img loading=\"lazy\" decoding=\"async\" width=\"800\" height=\"800\" src=\"http:\/\/unbringraphik.fr\/wp-content\/uploads\/2021\/06\/MAHAUT.jpg\" alt=\"\" class=\"wp-image-333\" srcset=\"https:\/\/unbringraphik.fr\/wp-content\/uploads\/2021\/06\/MAHAUT.jpg 800w, https:\/\/unbringraphik.fr\/wp-content\/uploads\/2021\/06\/MAHAUT-300x300.jpg 300w, https:\/\/unbringraphik.fr\/wp-content\/uploads\/2021\/06\/MAHAUT-150x150.jpg 150w, https:\/\/unbringraphik.fr\/wp-content\/uploads\/2021\/06\/MAHAUT-768x768.jpg 768w, https:\/\/unbringraphik.fr\/wp-content\/uploads\/2021\/06\/MAHAUT-60x60.jpg 60w\" sizes=\"(max-width: 800px) 100vw, 800px\" \/><\/figure>\n\n\n\n<div style=\"height:100px\" aria-hidden=\"true\" class=\"wp-block-spacer\"><\/div>\n<\/div>\n<\/div>\n\n\n\n<p><strong>Vous avez des questions ?<\/strong> <a href=\"http:\/\/unbringraphik.fr\/index.php\/contact-1\/\"><strong>\u00c9crivez-moi<\/strong><\/a><\/p>\n\n\n\n<div class=\"wp-block-columns is-layout-flex wp-container-core-columns-is-layout-4 wp-block-columns-is-layout-flex\"><\/div>\n\n\n\n<div class=\"wp-block-buttons is-layout-flex wp-block-buttons-is-layout-flex\"><\/div>\n\n\n\n<p><\/p>\n","protected":false},"excerpt":{"rendered":"<p>Faire-parts de mariage et de naissance, remerciements, menus, plans de table, poster photos, d\u00e9coration\u2026 Un Brin Graphik se charge de concevoir la papeterie de vos \u00e9v\u00e9nements priv\u00e9s : mariage, naissance, anniversaires, invitation f\u00eate de famille&#8230; Mais aussi mise en page de vos rapports, cr\u00e9ation de photomontage ou vid\u00e9o montage, n&#8217;h\u00e9sitez pas \u00e0 faire votre demande, &hellip; <\/p>\n","protected":false},"author":2,"featured_media":0,"parent":0,"menu_order":0,"comment_status":"closed","ping_status":"closed","template":"","meta":{"footnotes":""},"_links":{"self":[{"href":"https:\/\/unbringraphik.fr\/index.php\/wp-json\/wp\/v2\/pages\/312"}],"collection":[{"href":"https:\/\/unbringraphik.fr\/index.php\/wp-json\/wp\/v2\/pages"}],"about":[{"href":"https:\/\/unbringraphik.fr\/index.php\/wp-json\/wp\/v2\/types\/page"}],"author":[{"embeddable":true,"href":"https:\/\/unbringraphik.fr\/index.php\/wp-json\/wp\/v2\/users\/2"}],"replies":[{"embeddable":true,"href":"https:\/\/unbringraphik.fr\/index.php\/wp-json\/wp\/v2\/comments?post=312"}],"version-history":[{"count":35,"href":"https:\/\/unbringraphik.fr\/index.php\/wp-json\/wp\/v2\/pages\/312\/revisions"}],"predecessor-version":[{"id":661,"href":"https:\/\/unbringraphik.fr\/index.php\/wp-json\/wp\/v2\/pages\/312\/revisions\/661"}],"wp:attachment":[{"href":"https:\/\/unbringraphik.fr\/index.php\/wp-json\/wp\/v2\/media?parent=312"}],"curies":[{"name":"wp","href":"https:\/\/api.w.org\/{rel}","templated":true}]}}