{"id":399,"date":"2021-06-23T14:05:35","date_gmt":"2021-06-23T12:05:35","guid":{"rendered":"http:\/\/unbringraphik.fr\/?page_id=399"},"modified":"2025-10-31T10:04:25","modified_gmt":"2025-10-31T09:04:25","slug":"qui-suis-je","status":"publish","type":"page","link":"https:\/\/unbringraphik.fr\/index.php\/qui-suis-je\/","title":{"rendered":"\u00c0 propos"},"content":{"rendered":"\n<div class=\"wp-block-media-text alignwide is-stacked-on-mobile\" style=\"grid-template-columns:18% auto\"><figure class=\"wp-block-media-text__media\"><img loading=\"lazy\" decoding=\"async\" width=\"291\" height=\"296\" src=\"http:\/\/unbringraphik.fr\/wp-content\/uploads\/2021\/06\/photo-un-brin-1.jpg\" alt=\"graphiste \u00e0 Dijon et chen\u00f4ve\" class=\"wp-image-453 size-full\" srcset=\"https:\/\/unbringraphik.fr\/wp-content\/uploads\/2021\/06\/photo-un-brin-1.jpg 291w, https:\/\/unbringraphik.fr\/wp-content\/uploads\/2021\/06\/photo-un-brin-1-59x60.jpg 59w\" sizes=\"(max-width: 291px) 100vw, 291px\" \/><\/figure><div class=\"wp-block-media-text__content\">\n<h3 class=\"wp-block-heading\"><em><small><font color=\"6455a0\">Delphine&#8230;<\/font><\/small><\/em><br><em><small><font color=\"6455a0\">au c\u0153ur des cr\u00e9ations<\/font><\/small><\/em><br><em><small><font color=\"6455a0\">d&#8217;Un Brin Graphik<\/font><\/small><\/em><font color=\"red\"> <\/font><\/h3>\n<\/div><\/div>\n\n\n\n<div style=\"height:48px\" aria-hidden=\"true\" class=\"wp-block-spacer\"><\/div>\n\n\n\n<p>Graphiste exp\u00e9riment\u00e9e en communication et en graphisme, avec 15 ans d\u2019exp\u00e9rience en agences de communication, et depuis 2011, graphiste ind\u00e9pendante \u00e0 Chen\u00f4ve, pr\u00e8s de Dijon, je dispose d\u2019une solide connaissance de la cha\u00eene graphique, de la cr\u00e9ation de supports \u00e0 leurs fabrications : tout ce dont vous avez besoin pour v\u00e9hiculer l&#8217;image de votre entreprise : cr\u00e9ation d&#8217;<strong>identit\u00e9 visuelle, design, logo, affiche, plaquette, flyer, packaging, signal\u00e9tique, site internet, habillage de v\u00e9hicules, motion design, mise en page de rapports&#8230;<\/strong> Vous avez le choix ! Je travaille en collaboration avec des imprimeurs de la r\u00e9gion afin de r\u00e9pondre et suivre vos projets, de la cr\u00e9ation \u00e0 l&#8217;impression.<\/p>\n\n\n\n<p>Je suis \u00e9galement enseignante vacataire \u00e0 l&#8217;Universit\u00e9 de Bourgogne en conception graphique \u00e0 l&#8217;IUT Information-Communication et l&#8217;IUT Gaco.<\/p>\n\n\n\n<p class=\"has-black-color has-text-color\"><strong>Besoin d&#8217;une graphiste ? <\/strong> <a href=\"http:\/\/unbringraphik.fr\/index.php\/contact-1\/\" data-type=\"page\" data-id=\"20\"><strong>\u00c9crivez-moi<\/strong><\/a><\/p>\n\n\n\n<div class=\"wp-block-buttons is-layout-flex wp-block-buttons-is-layout-flex\">\n<div class=\"wp-block-button is-style-outline\"><a class=\"wp-block-button__link has-cyan-bluish-gray-color has-white-background-color has-text-color has-background wp-element-button\" href=\"http:\/\/unbringraphik.fr\/wp-content\/uploads\/2021\/06\/Book-Un-Brin-Graphik.pdf\" target=\"_blank\" rel=\"noreferrer noopener\">Book \u00e0 t\u00e9l\u00e9charger<\/a><\/div>\n<\/div>\n\n\n\n<div class=\"wp-block-buttons is-layout-flex wp-block-buttons-is-layout-flex\"><\/div>\n\n\n\n<div class=\"wp-block-buttons is-layout-flex wp-block-buttons-is-layout-flex\"><\/div>\n\n\n\n<p><a href=\"https:\/\/www.graphistesdufutur.fr\">https:\/\/www.graphistesdufutur.fr<\/a><br><\/p>\n","protected":false},"excerpt":{"rendered":"<p>Delphine&#8230;au c\u0153ur des cr\u00e9ationsd&#8217;Un Brin Graphik Graphiste exp\u00e9riment\u00e9e en communication et en graphisme, avec 15 ans d\u2019exp\u00e9rience en agences de communication, et depuis 2011, graphiste ind\u00e9pendante \u00e0 Chen\u00f4ve, pr\u00e8s de Dijon, je dispose d\u2019une solide connaissance de la cha\u00eene graphique, de la cr\u00e9ation de supports \u00e0 leurs fabrications : tout ce dont vous avez besoin &hellip; <\/p>\n","protected":false},"author":2,"featured_media":0,"parent":0,"menu_order":0,"comment_status":"closed","ping_status":"closed","template":"","meta":{"footnotes":""},"_links":{"self":[{"href":"https:\/\/unbringraphik.fr\/index.php\/wp-json\/wp\/v2\/pages\/399"}],"collection":[{"href":"https:\/\/unbringraphik.fr\/index.php\/wp-json\/wp\/v2\/pages"}],"about":[{"href":"https:\/\/unbringraphik.fr\/index.php\/wp-json\/wp\/v2\/types\/page"}],"author":[{"embeddable":true,"href":"https:\/\/unbringraphik.fr\/index.php\/wp-json\/wp\/v2\/users\/2"}],"replies":[{"embeddable":true,"href":"https:\/\/unbringraphik.fr\/index.php\/wp-json\/wp\/v2\/comments?post=399"}],"version-history":[{"count":47,"href":"https:\/\/unbringraphik.fr\/index.php\/wp-json\/wp\/v2\/pages\/399\/revisions"}],"predecessor-version":[{"id":689,"href":"https:\/\/unbringraphik.fr\/index.php\/wp-json\/wp\/v2\/pages\/399\/revisions\/689"}],"wp:attachment":[{"href":"https:\/\/unbringraphik.fr\/index.php\/wp-json\/wp\/v2\/media?parent=399"}],"curies":[{"name":"wp","href":"https:\/\/api.w.org\/{rel}","templated":true}]}}