{"id":625,"date":"2021-06-25T14:49:48","date_gmt":"2021-06-25T12:49:48","guid":{"rendered":"http:\/\/unbringraphik.fr\/?page_id=625"},"modified":"2021-06-25T14:49:48","modified_gmt":"2021-06-25T12:49:48","slug":"mentions-legales","status":"publish","type":"page","link":"https:\/\/unbringraphik.fr\/index.php\/mentions-legales\/","title":{"rendered":"Mentions l\u00e9gales"},"content":{"rendered":"\n<p style=\"font-size:12px\">UN BRIN GRAPHIK<br>SASU UN BRIN GRAPHIK au capital de 500 euros<br>Si\u00e8ge social : 16, rue Jules Ferry &#8211; 21300 Chen\u00f4ve<br>807 894 415 R.C.S. Dijon<br>T\u00e9l. 06 61 53 67 71<br>Email : contact@unbringraphik.fr<\/p>\n\n\n\n<p style=\"font-size:12px\">Responsable de la publication : Delphine ORMANCEY<\/p>\n\n\n\n<p style=\"font-size:12px\">CONFIDENTIALIT\u00c9<br>UN BRIN GRAPHIK n\u2019enregistre pas d\u2019informations personnelles permettant l\u2019identification, \u00e0 l\u2019exception des formulaires que l\u2019utilisateur est libre de remplir. Ces informations ne seront pas utilis\u00e9es sans votre accord, nous les utiliserons seulement pour vous adresser des courrier ou vous contacter. Les informations recueillies sur les sites b\u00e9n\u00e9ficient de la protection de la loi \u00ab Informatique et Libert\u00e9s \u00bb n\u00b0 78-17 du 06 janvier 1978. Elles b\u00e9n\u00e9ficient d\u2019un droit d\u2019acc\u00e8s, de rectification, d\u2019opposition \u00e0 communication et de suppression sur simple demande \u00e0 UN BRIN GRAPHIK.<br>UN BRIN GRAPHIK pourra proc\u00e9der \u00e0 des analyses statistiques sans que celles-ci soient nominatives et pourra en informer des tiers (organismes d\u2019\u00e9valuation de fr\u00e9quentation) sous une forme r\u00e9sum\u00e9e et non nominative.<\/p>\n\n\n\n<p style=\"font-size:12px\">UTILISATION DE COOKIES<br>La gestion de la g\u00e9olocalisation n\u00e9cessite l\u2019utilisation de cookies. Des informations non personnelles sont enregistr\u00e9es par ce syst\u00e8me de cookies (fichiers texte utilis\u00e9s pour reconna\u00eetre un utilisateur et ainsi faciliter son utilisation du site). Ceux-ci n\u2019ont aucune signification en dehors de leur utilisation sur le site UN BRIN GRAPHIK.<\/p>\n\n\n\n<p style=\"font-size:12px\">DROIT DE PROPRI\u00c9T\u00c9 INTELLECTUELLE<br>Toute copie, modification, diffusion publique ou reproduction du contenu de ce site Internet sans l\u2019autorisation \u00e9crite, pr\u00e9alable et expresse de l\u2019auteur d\u00e9tenteur du droit est interdite, sauf pour usage personnel ou tout autre usage express\u00e9ment pr\u00e9vu par la loi.<\/p>\n\n\n\n<p style=\"font-size:12px\">EDITEUR<br>UN BRIN GRAPHIK au capital de 500 euros, inscrite au RCS Dijon 807 894 415 Si\u00e8ge social 16, rue Jules Ferry \u00e0 21300 Chen\u00f4ve<\/p>\n\n\n\n<p style=\"font-size:12px\">CONCEPTEUR<br>Un Brin Graphik<\/p>\n\n\n\n<p style=\"font-size:12px\">H\u00c9BERGEUR<br>ONLINE SAS, soci\u00e9t\u00e9 par actions simplifi\u00e9e au capital de 214 410,50 Euros, filiale du groupe Iliad, immatricul\u00e9e au Registre du Commerce et des Soci\u00e9t\u00e9s de Paris sous le num\u00e9ro RCS PARIS B 433 115 904, num\u00e9ro de TVA FR 35 433115904<\/p>\n","protected":false},"excerpt":{"rendered":"<p>UN BRIN GRAPHIKSASU UN BRIN GRAPHIK au capital de 500 eurosSi\u00e8ge social : 16, rue Jules Ferry &#8211; 21300 Chen\u00f4ve807 894 415 R.C.S. DijonT\u00e9l. 06 61 53 67 71Email : contact@unbringraphik.fr Responsable de la publication : Delphine ORMANCEY CONFIDENTIALIT\u00c9UN BRIN GRAPHIK n\u2019enregistre pas d\u2019informations personnelles permettant l\u2019identification, \u00e0 l\u2019exception des formulaires que l\u2019utilisateur est libre &hellip; <\/p>\n","protected":false},"author":2,"featured_media":0,"parent":0,"menu_order":0,"comment_status":"closed","ping_status":"closed","template":"","meta":{"footnotes":""},"_links":{"self":[{"href":"https:\/\/unbringraphik.fr\/index.php\/wp-json\/wp\/v2\/pages\/625"}],"collection":[{"href":"https:\/\/unbringraphik.fr\/index.php\/wp-json\/wp\/v2\/pages"}],"about":[{"href":"https:\/\/unbringraphik.fr\/index.php\/wp-json\/wp\/v2\/types\/page"}],"author":[{"embeddable":true,"href":"https:\/\/unbringraphik.fr\/index.php\/wp-json\/wp\/v2\/users\/2"}],"replies":[{"embeddable":true,"href":"https:\/\/unbringraphik.fr\/index.php\/wp-json\/wp\/v2\/comments?post=625"}],"version-history":[{"count":1,"href":"https:\/\/unbringraphik.fr\/index.php\/wp-json\/wp\/v2\/pages\/625\/revisions"}],"predecessor-version":[{"id":627,"href":"https:\/\/unbringraphik.fr\/index.php\/wp-json\/wp\/v2\/pages\/625\/revisions\/627"}],"wp:attachment":[{"href":"https:\/\/unbringraphik.fr\/index.php\/wp-json\/wp\/v2\/media?parent=625"}],"curies":[{"name":"wp","href":"https:\/\/api.w.org\/{rel}","templated":true}]}}